{"id":293,"date":"2018-11-01T15:34:03","date_gmt":"2018-11-01T14:34:03","guid":{"rendered":"http:\/\/localhost\/wordpress\/?page_id=293"},"modified":"2023-12-20T17:52:54","modified_gmt":"2023-12-20T16:52:54","slug":"finswimming","status":"publish","type":"page","link":"https:\/\/tauchclub-seepferdchen.at\/wordpress\/finswimming\/","title":{"rendered":"Finswimming"},"content":{"rendered":"<h2>\n<h2 id=\"ueberschriftLTC\"><b>1. Linzer Tauchclub Seepferdchen<\/b><\/h2>\n<\/h2>\n<h1>Finswimming<\/h1>\n<p style=\"text-align: center;\">Flossenschwimmer bewegen sich mit einer Monoflosse im Wasser und benutzen zum Atmen einen Mittelschnorchel. Durch die wellenf\u00f6rmige Bewegung und der gro\u00dfen Angriffsfl\u00e4che der Flosse erh\u00e4lt der Schwimmer seinen Antrieb und bewegt sich so mit einer hohen Geschwindigkeit durchs Wasser.<\/p>\n<h2>\n<p>disziplinen<\/h2>\n<p>\t\t\t<a href=\"http:\/\/tauchclub-seepferdchen.at\/wordpress\/disziplinen\/\"><br \/>\n\t\t\t\t\t\tmehr lesen<br \/>\n\t\t\t\t\t<\/a><br \/>\n\t\t\t\t\t\t\t\t\t\t\t\t\t\t\t\t<a href=\"https:\/\/tauchclub-seepferdchen.at\/wordpress\/finswimming\/neuheiten\/\"><br \/>\n\t\t\t\t\t\t\t<img decoding=\"async\" src=\"https:\/\/tauchclub-seepferdchen.at\/wordpress\/wp-content\/uploads\/elementor\/thumbs\/IMG_20210613_092319-min-p95di5jrklgasajw4s2jmgf117f8lacbosn58vqo2k.jpg\" title=\"IMG_20210613_092319-min\" alt=\"IMG_20210613_092319-min\" loading=\"lazy\" \/>\t\t\t\t\t\t\t\t<\/a><\/p>\n<h3><a href=\"http:\/\/youtu.be\/1L9oTaO__1Q\">Staatsmeinsterschaften<br \/>\n2021<\/a><\/h3>\n<p>\t\t<a href=\"https:\/\/youtu.be\/1L9oTaO__1Q\">https:\/\/youtu.be\/1L9oTaO__1Q<\/a><\/p>\n<p style=\"margin-left: 35.4pt; text-align: left;\">Von 11. bis 13. Juni 2021 fanden in Linz wieder die \u00d6sterreichischen Staatsmeisterschaften im Flossenschwimmen und Streckentauchen statt. Nach der einj\u00e4hrigen Covid-bedingten Pause wurde der Wettkampf von allen Sportlern schon sehr freudig erwartet. Besonders hervorzuheben ist heuer auch die starke\u00a0 internationale Beteiligung mit Sportlern aus Deutschland, Tschechien und der Slowakei. Insgesamt waren an den 3 Tagen verteilt 121 Sportler am Start.\u00a0<\/p>\n<p style=\"margin-left: 35.4pt;\">\u00a0<\/p>\n<p style=\"margin-left: 35.4pt;\">F\u00fcr den 1. LTC verliefen die Meisterschaften wieder sehr erfolgreich und es wurden insgesamt 48 Medaillen errungen (18 davon in Gold). Besonders hervorzuheben sind die Leistungen von Geza Eisserer, der auch einen neuen \u00f6sterreichischen Rekord \u00fcber 1.500 m (13:13,06) aufgestellt hat. Wir w\u00fcnschen Geza schon jetzt viel Erfolg bei den kommenden Weltmeisterschaften in Tomsk, Russland.\u00a0<\/p>\n<p style=\"margin-left: 35.4pt;\">\u00a0<\/p>\n<p style=\"margin-left: 35.4pt; text-align: left;\">Insgesamt k\u00f6nnen wir somit auf einen sehr sch\u00f6nen und erfolgreichen Wettkampf zur\u00fcckblicken.\u00a0<\/p>\n<p>\t\t\t\t\t\t\t\t\t\t\t\t\t\t\t<img decoding=\"async\" src=\"https:\/\/tauchclub-seepferdchen.at\/wordpress\/wp-content\/uploads\/2019\/03\/olympiazentrum-150x150.jpg\" title=\"olympiazentrum\" alt=\"olympiazentrum\" loading=\"lazy\" \/>\t\t\t\t\t\t\t\t\t\t\t\t\t\t\t<\/p>\n<h3>Trainingseinheiten<\/h3>\n<p>\u00a0<\/p>\n<p>Montag: 17:30 &#8211; 19:30 Uhr<\/p>\n<p>Mittwoch: 18:15 &#8211; 20:30 Uhr<\/p>\n<p>Samstag: 11:45- 13:30 Uhr<\/p>\n<p>\t\t<iframe loading=\"lazy\" title=\"Training 2022\" width=\"1170\" height=\"658\" src=\"https:\/\/www.youtube.com\/embed\/VxAdwcs0iFs?feature=oembed\" frameborder=\"0\" allow=\"accelerometer; autoplay; clipboard-write; encrypted-media; gyroscope; picture-in-picture\" allowfullscreen><\/iframe><br \/>\nhttps:\/\/youtube.com\/watch?v=VxAdwcs0iFs%2522https:\/\/www.youtube.com\/watch?v=1L9oTaO__1Q<br \/>\nhttps:\/\/youtube.com\/watch?v=VxAdwcs0iFs%2522\t\t<\/p>\n<h2><a href=\"http:\/\/localhost\/wordpress\/finswimming\/neuheiten\/#\">Aktuelles<\/a><\/h2>\n<p>\t\t\t<iframe loading=\"lazy\"\n\t\t\t\t\tsrc=\"https:\/\/maps.google.com\/maps?q=Auf%20der%20Gugl%2030&#038;t=m&#038;z=18&#038;output=embed&#038;iwloc=near\"\n\t\t\t\t\ttitle=\"Auf der Gugl 30\"\n\t\t\t\t\taria-label=\"Auf der Gugl 30\"\n\t\t\t><\/iframe><\/p>\n<h4>Get in touch<\/h4>\n<p>\t\t\tWo\t\t<\/p>\n<p>Auf der Gugl 30<br \/>4020 Linz<\/p>\n<p>\t\t\tContact us\t\t<\/p>\n<p>Michael Part<\/p>\n<p>\t\t\tTrainingszeiten\t\t<\/p>\n<p>Montag: 17:30 &#8211; 19:30 Uhr<br \/>Mittwoch: 18:15 &#8211; 20:30 Uhr<br \/>Samstag: 11:45- 13:30 Uhr<\/p>\n","protected":false},"excerpt":{"rendered":"<p>1. Linzer Tauchclub Seepferdchen Finswimming Flossenschwimmer bewegen sich mit einer Monoflosse im Wasser und benutzen zum Atmen einen Mittelschnorchel. Durch die wellenf\u00f6rmige [&hellip;]<\/p>\n","protected":false},"author":1,"featured_media":0,"parent":0,"menu_order":0,"comment_status":"closed","ping_status":"closed","template":"","meta":{"footnotes":""},"class_list":["post-293","page","type-page","status-publish","hentry"],"_links":{"self":[{"href":"https:\/\/tauchclub-seepferdchen.at\/wordpress\/wp-json\/wp\/v2\/pages\/293","targetHints":{"allow":["GET"]}}],"collection":[{"href":"https:\/\/tauchclub-seepferdchen.at\/wordpress\/wp-json\/wp\/v2\/pages"}],"about":[{"href":"https:\/\/tauchclub-seepferdchen.at\/wordpress\/wp-json\/wp\/v2\/types\/page"}],"author":[{"embeddable":true,"href":"https:\/\/tauchclub-seepferdchen.at\/wordpress\/wp-json\/wp\/v2\/users\/1"}],"replies":[{"embeddable":true,"href":"https:\/\/tauchclub-seepferdchen.at\/wordpress\/wp-json\/wp\/v2\/comments?post=293"}],"version-history":[{"count":86,"href":"https:\/\/tauchclub-seepferdchen.at\/wordpress\/wp-json\/wp\/v2\/pages\/293\/revisions"}],"predecessor-version":[{"id":1793,"href":"https:\/\/tauchclub-seepferdchen.at\/wordpress\/wp-json\/wp\/v2\/pages\/293\/revisions\/1793"}],"wp:attachment":[{"href":"https:\/\/tauchclub-seepferdchen.at\/wordpress\/wp-json\/wp\/v2\/media?parent=293"}],"curies":[{"name":"wp","href":"https:\/\/api.w.org\/{rel}","templated":true}]}}