{"id":363,"date":"2018-11-02T11:36:58","date_gmt":"2018-11-02T10:36:58","guid":{"rendered":"http:\/\/localhost\/wordpress\/?page_id=363"},"modified":"2021-07-27T18:05:08","modified_gmt":"2021-07-27T16:05:08","slug":"neuheiten","status":"publish","type":"page","link":"https:\/\/tauchclub-seepferdchen.at\/wordpress\/finswimming\/neuheiten\/","title":{"rendered":"Neuheiten"},"content":{"rendered":"<h1>Wettk\u00e4mpfe<\/h1>\n<figure>\n\t\t\t\t\t\t\t\t\t\t\t<a href=\"#salzburgCup18\" data-elementor-open-lightbox=\"\"><br \/>\n\t\t\t\t\t\t\t<img loading=\"lazy\" decoding=\"async\" width=\"1170\" height=\"1012\" src=\"https:\/\/tauchclub-seepferdchen.at\/wordpress\/wp-content\/uploads\/2020\/03\/Bericht-Mai_2019-1920x1661.jpg\" alt=\"\" srcset=\"https:\/\/tauchclub-seepferdchen.at\/wordpress\/wp-content\/uploads\/2020\/03\/Bericht-Mai_2019-1920x1661.jpg 1920w, https:\/\/tauchclub-seepferdchen.at\/wordpress\/wp-content\/uploads\/2020\/03\/Bericht-Mai_2019-300x260.jpg 300w, https:\/\/tauchclub-seepferdchen.at\/wordpress\/wp-content\/uploads\/2020\/03\/Bericht-Mai_2019-768x665.jpg 768w, https:\/\/tauchclub-seepferdchen.at\/wordpress\/wp-content\/uploads\/2020\/03\/Bericht-Mai_2019-830x718.jpg 830w, https:\/\/tauchclub-seepferdchen.at\/wordpress\/wp-content\/uploads\/2020\/03\/Bericht-Mai_2019-230x199.jpg 230w, https:\/\/tauchclub-seepferdchen.at\/wordpress\/wp-content\/uploads\/2020\/03\/Bericht-Mai_2019-350x303.jpg 350w, https:\/\/tauchclub-seepferdchen.at\/wordpress\/wp-content\/uploads\/2020\/03\/Bericht-Mai_2019-480x415.jpg 480w\" sizes=\"auto, (max-width: 1170px) 100vw, 1170px\" \/>\t\t\t\t\t\t\t\t<\/a><figcaption>Staatsmeisterschaften 2019<\/figcaption><\/figure>\n<figure>\n\t\t\t\t\t\t\t\t\t\t\t<a href=\"#belgrad2018\" data-elementor-open-lightbox=\"\"><br \/>\n\t\t\t\t\t\t\t<img loading=\"lazy\" decoding=\"async\" width=\"1170\" height=\"875\" src=\"https:\/\/tauchclub-seepferdchen.at\/wordpress\/wp-content\/uploads\/2018\/11\/kindermeisterschaften.jpg\" alt=\"\" srcset=\"https:\/\/tauchclub-seepferdchen.at\/wordpress\/wp-content\/uploads\/2018\/11\/kindermeisterschaften.jpg 1600w, https:\/\/tauchclub-seepferdchen.at\/wordpress\/wp-content\/uploads\/2018\/11\/kindermeisterschaften-300x224.jpg 300w, https:\/\/tauchclub-seepferdchen.at\/wordpress\/wp-content\/uploads\/2018\/11\/kindermeisterschaften-768x575.jpg 768w\" sizes=\"auto, (max-width: 1170px) 100vw, 1170px\" \/>\t\t\t\t\t\t\t\t<\/a><figcaption>Kindermeisterschaften 2018<\/figcaption><\/figure>\n<figure>\n\t\t\t\t\t\t\t\t\t\t\t<a href=\"#psc2018\" data-elementor-open-lightbox=\"\"><br \/>\n\t\t\t\t\t\t\t<img loading=\"lazy\" decoding=\"async\" width=\"898\" height=\"873\" src=\"https:\/\/tauchclub-seepferdchen.at\/wordpress\/wp-content\/uploads\/2019\/12\/IMG_spc2018.jpg\" alt=\"\" srcset=\"https:\/\/tauchclub-seepferdchen.at\/wordpress\/wp-content\/uploads\/2019\/12\/IMG_spc2018.jpg 898w, https:\/\/tauchclub-seepferdchen.at\/wordpress\/wp-content\/uploads\/2019\/12\/IMG_spc2018-300x292.jpg 300w, https:\/\/tauchclub-seepferdchen.at\/wordpress\/wp-content\/uploads\/2019\/12\/IMG_spc2018-768x747.jpg 768w, https:\/\/tauchclub-seepferdchen.at\/wordpress\/wp-content\/uploads\/2019\/12\/IMG_spc2018-830x807.jpg 830w, https:\/\/tauchclub-seepferdchen.at\/wordpress\/wp-content\/uploads\/2019\/12\/IMG_spc2018-230x224.jpg 230w, https:\/\/tauchclub-seepferdchen.at\/wordpress\/wp-content\/uploads\/2019\/12\/IMG_spc2018-350x340.jpg 350w, https:\/\/tauchclub-seepferdchen.at\/wordpress\/wp-content\/uploads\/2019\/12\/IMG_spc2018-480x467.jpg 480w\" sizes=\"auto, (max-width: 898px) 100vw, 898px\" \/>\t\t\t\t\t\t\t\t<\/a><figcaption>Power Splash Cup 2018<\/figcaption><\/figure>\n<figure>\n\t\t\t\t\t\t\t\t\t\t\t<a href=\"#worldmeeting2018\" data-elementor-open-lightbox=\"\"><br \/>\n\t\t\t\t\t\t\t<img loading=\"lazy\" decoding=\"async\" width=\"1080\" height=\"1080\" src=\"https:\/\/tauchclub-seepferdchen.at\/wordpress\/wp-content\/uploads\/2019\/12\/Picture1553185633577.jpg\" alt=\"\" srcset=\"https:\/\/tauchclub-seepferdchen.at\/wordpress\/wp-content\/uploads\/2019\/12\/Picture1553185633577.jpg 1080w, https:\/\/tauchclub-seepferdchen.at\/wordpress\/wp-content\/uploads\/2019\/12\/Picture1553185633577-150x150.jpg 150w, https:\/\/tauchclub-seepferdchen.at\/wordpress\/wp-content\/uploads\/2019\/12\/Picture1553185633577-300x300.jpg 300w, https:\/\/tauchclub-seepferdchen.at\/wordpress\/wp-content\/uploads\/2019\/12\/Picture1553185633577-768x768.jpg 768w, https:\/\/tauchclub-seepferdchen.at\/wordpress\/wp-content\/uploads\/2019\/12\/Picture1553185633577-830x830.jpg 830w, https:\/\/tauchclub-seepferdchen.at\/wordpress\/wp-content\/uploads\/2019\/12\/Picture1553185633577-230x230.jpg 230w, https:\/\/tauchclub-seepferdchen.at\/wordpress\/wp-content\/uploads\/2019\/12\/Picture1553185633577-350x350.jpg 350w, https:\/\/tauchclub-seepferdchen.at\/wordpress\/wp-content\/uploads\/2019\/12\/Picture1553185633577-480x480.jpg 480w\" sizes=\"auto, (max-width: 1080px) 100vw, 1080px\" \/>\t\t\t\t\t\t\t\t<\/a><figcaption>Salzburg Cup 2019<\/figcaption><\/figure>\n<figure>\n\t\t\t\t\t\t\t\t\t\t\t<a href=\"#kinder2018\" data-elementor-open-lightbox=\"\"><br \/>\n\t\t\t\t\t\t\t<img loading=\"lazy\" decoding=\"async\" width=\"899\" height=\"1200\" src=\"https:\/\/tauchclub-seepferdchen.at\/wordpress\/wp-content\/uploads\/2019\/12\/IMG-20171.jpg\" alt=\"\" srcset=\"https:\/\/tauchclub-seepferdchen.at\/wordpress\/wp-content\/uploads\/2019\/12\/IMG-20171.jpg 899w, https:\/\/tauchclub-seepferdchen.at\/wordpress\/wp-content\/uploads\/2019\/12\/IMG-20171-225x300.jpg 225w, https:\/\/tauchclub-seepferdchen.at\/wordpress\/wp-content\/uploads\/2019\/12\/IMG-20171-768x1025.jpg 768w, https:\/\/tauchclub-seepferdchen.at\/wordpress\/wp-content\/uploads\/2019\/12\/IMG-20171-830x1108.jpg 830w, https:\/\/tauchclub-seepferdchen.at\/wordpress\/wp-content\/uploads\/2019\/12\/IMG-20171-230x307.jpg 230w, https:\/\/tauchclub-seepferdchen.at\/wordpress\/wp-content\/uploads\/2019\/12\/IMG-20171-350x467.jpg 350w, https:\/\/tauchclub-seepferdchen.at\/wordpress\/wp-content\/uploads\/2019\/12\/IMG-20171-480x641.jpg 480w\" sizes=\"auto, (max-width: 899px) 100vw, 899px\" \/>\t\t\t\t\t\t\t\t<\/a><figcaption>Staatsmeisterschaften 2018<\/figcaption><\/figure>\n<figure>\n\t\t\t\t\t\t\t\t\t\t\t<a href=\"#study2018\" data-elementor-open-lightbox=\"\"><br \/>\n\t\t\t\t\t\t\t<img loading=\"lazy\" decoding=\"async\" width=\"1062\" height=\"715\" src=\"https:\/\/tauchclub-seepferdchen.at\/wordpress\/wp-content\/uploads\/2020\/03\/Berichte-Juli_2018.jpg\" alt=\"\" srcset=\"https:\/\/tauchclub-seepferdchen.at\/wordpress\/wp-content\/uploads\/2020\/03\/Berichte-Juli_2018.jpg 1062w, https:\/\/tauchclub-seepferdchen.at\/wordpress\/wp-content\/uploads\/2020\/03\/Berichte-Juli_2018-300x202.jpg 300w, https:\/\/tauchclub-seepferdchen.at\/wordpress\/wp-content\/uploads\/2020\/03\/Berichte-Juli_2018-768x517.jpg 768w, https:\/\/tauchclub-seepferdchen.at\/wordpress\/wp-content\/uploads\/2020\/03\/Berichte-Juli_2018-830x559.jpg 830w, https:\/\/tauchclub-seepferdchen.at\/wordpress\/wp-content\/uploads\/2020\/03\/Berichte-Juli_2018-230x155.jpg 230w, https:\/\/tauchclub-seepferdchen.at\/wordpress\/wp-content\/uploads\/2020\/03\/Berichte-Juli_2018-350x236.jpg 350w, https:\/\/tauchclub-seepferdchen.at\/wordpress\/wp-content\/uploads\/2020\/03\/Berichte-Juli_2018-480x323.jpg 480w\" sizes=\"auto, (max-width: 1062px) 100vw, 1062px\" \/>\t\t\t\t\t\t\t\t<\/a><figcaption>Studentenweltmeisterschaft 2018<\/figcaption><\/figure>\n<figure>\n\t\t\t\t\t\t\t\t\t\t\t<a href=\"#landesM18\" data-elementor-open-lightbox=\"\"><br \/>\n\t\t\t\t\t\t\t<img loading=\"lazy\" decoding=\"async\" width=\"444\" height=\"512\" src=\"https:\/\/tauchclub-seepferdchen.at\/wordpress\/wp-content\/uploads\/2019\/12\/wcup-1.jpg\" alt=\"\" srcset=\"https:\/\/tauchclub-seepferdchen.at\/wordpress\/wp-content\/uploads\/2019\/12\/wcup-1.jpg 444w, https:\/\/tauchclub-seepferdchen.at\/wordpress\/wp-content\/uploads\/2019\/12\/wcup-1-260x300.jpg 260w, https:\/\/tauchclub-seepferdchen.at\/wordpress\/wp-content\/uploads\/2019\/12\/wcup-1-230x265.jpg 230w, https:\/\/tauchclub-seepferdchen.at\/wordpress\/wp-content\/uploads\/2019\/12\/wcup-1-350x404.jpg 350w\" sizes=\"auto, (max-width: 444px) 100vw, 444px\" \/>\t\t\t\t\t\t\t\t<\/a><figcaption>World Cup 2018<\/figcaption><\/figure>\n<h4>Wettk\u00e4mpfe<\/h4>\n<p>\t\t\t\t\t\t\t\t\t\t<img loading=\"lazy\" decoding=\"async\" width=\"764\" height=\"768\" src=\"https:\/\/tauchclub-seepferdchen.at\/wordpress\/wp-content\/uploads\/2021\/07\/IMG-20210716-WA0000.jpg\" alt=\"\" srcset=\"https:\/\/tauchclub-seepferdchen.at\/wordpress\/wp-content\/uploads\/2021\/07\/IMG-20210716-WA0000.jpg 764w, https:\/\/tauchclub-seepferdchen.at\/wordpress\/wp-content\/uploads\/2021\/07\/IMG-20210716-WA0000-150x150.jpg 150w, https:\/\/tauchclub-seepferdchen.at\/wordpress\/wp-content\/uploads\/2021\/07\/IMG-20210716-WA0000-298x300.jpg 298w, https:\/\/tauchclub-seepferdchen.at\/wordpress\/wp-content\/uploads\/2021\/07\/IMG-20210716-WA0000-230x231.jpg 230w, https:\/\/tauchclub-seepferdchen.at\/wordpress\/wp-content\/uploads\/2021\/07\/IMG-20210716-WA0000-350x352.jpg 350w, https:\/\/tauchclub-seepferdchen.at\/wordpress\/wp-content\/uploads\/2021\/07\/IMG-20210716-WA0000-480x483.jpg 480w\" sizes=\"auto, (max-width: 764px) 100vw, 764px\" \/>\t\t\t\t\t\t\t\t\t\t\t<\/p>\n<h2>WM 2021 <\/h2>\n<p>\t\t\t\t\t\t\t\t\t\t<img loading=\"lazy\" decoding=\"async\" width=\"1170\" height=\"785\" src=\"https:\/\/tauchclub-seepferdchen.at\/wordpress\/wp-content\/uploads\/2019\/12\/geza.jpg\" alt=\"\" srcset=\"https:\/\/tauchclub-seepferdchen.at\/wordpress\/wp-content\/uploads\/2019\/12\/geza.jpg 1391w, https:\/\/tauchclub-seepferdchen.at\/wordpress\/wp-content\/uploads\/2019\/12\/geza-300x201.jpg 300w, https:\/\/tauchclub-seepferdchen.at\/wordpress\/wp-content\/uploads\/2019\/12\/geza-768x515.jpg 768w, https:\/\/tauchclub-seepferdchen.at\/wordpress\/wp-content\/uploads\/2019\/12\/geza-830x557.jpg 830w, https:\/\/tauchclub-seepferdchen.at\/wordpress\/wp-content\/uploads\/2019\/12\/geza-230x154.jpg 230w, https:\/\/tauchclub-seepferdchen.at\/wordpress\/wp-content\/uploads\/2019\/12\/geza-350x235.jpg 350w, https:\/\/tauchclub-seepferdchen.at\/wordpress\/wp-content\/uploads\/2019\/12\/geza-480x322.jpg 480w\" sizes=\"auto, (max-width: 1170px) 100vw, 1170px\" \/>\t\t\t\t\t\t\t\t\t\t\t<\/p>\n<h2>Staatsmeisterschaften 2019<\/h2>\n<h2>1. Cup in Salzburg 2019<\/h2>\n<p style=\"font-family: verdana, geneva, arial, helvetica, sans-serif; font-size: 13.3333px; color: #000000; text-align: start;\">Am\u00a0<strong>16.3.2019\u00a0<\/strong>fand, im Zuge der eint\u00e4gigen Salzburger Landesmeisterschaft, der 1. Cup 2019 der Flossenschwimmer im Olympiazentrum Rif statt.<\/p>\n<p style=\"font-family: verdana, geneva, arial, helvetica, sans-serif; font-size: 13.3333px; color: #000000; text-align: start;\">Im Vergleich zum Cup 2018, vor guten 3 Monaten eben dort abgehalten, konnten\u00a0alle Sportler pers\u00f6nliche Bestzeiten\u00a0aufstellen, was Folge ihres konsequenten Trainingseinsatzes ist.<br \/>Von\u00a0Geza\u00a0wurden \u00fcber 50, 100 SF, 200 SF und 400 SF\u00a0neue \u00f6sterreichische Kurzbahnrekorde\u00a0aufgestellt.<br \/>Unser \u201eNeuzugang\u201c\u00a0Philipp Espernberger\u00a0reihte sich bei seinem\u00a01.Flossenschwimmwettkampf\u00a0ebenfalls im\u00a0Spitzenfeld\u00a0ein.<\/p>\n<p style=\"font-family: verdana, geneva, arial, helvetica, sans-serif; font-size: 13.3333px; text-align: start;\">Link mit den Ergebnissen:<br \/><a style=\"color: #000080; font-size: 13.3333px; background-color: #ffffff;\" href=\"http:\/\/a-timing.wien\/sw\/2019\/fs-lmsalzburg\/index.html\">http:\/\/a-timing.wien\/sw\/2019\/fs-lmsalzburg\/index.html<\/a><\/p>\n<p>\t\t\t\t\t\t\t\t\t\t<img loading=\"lazy\" decoding=\"async\" width=\"1080\" height=\"1080\" src=\"https:\/\/tauchclub-seepferdchen.at\/wordpress\/wp-content\/uploads\/2019\/12\/Picture1553185633577.jpg\" alt=\"\" srcset=\"https:\/\/tauchclub-seepferdchen.at\/wordpress\/wp-content\/uploads\/2019\/12\/Picture1553185633577.jpg 1080w, https:\/\/tauchclub-seepferdchen.at\/wordpress\/wp-content\/uploads\/2019\/12\/Picture1553185633577-150x150.jpg 150w, https:\/\/tauchclub-seepferdchen.at\/wordpress\/wp-content\/uploads\/2019\/12\/Picture1553185633577-300x300.jpg 300w, https:\/\/tauchclub-seepferdchen.at\/wordpress\/wp-content\/uploads\/2019\/12\/Picture1553185633577-768x768.jpg 768w, https:\/\/tauchclub-seepferdchen.at\/wordpress\/wp-content\/uploads\/2019\/12\/Picture1553185633577-830x830.jpg 830w, https:\/\/tauchclub-seepferdchen.at\/wordpress\/wp-content\/uploads\/2019\/12\/Picture1553185633577-230x230.jpg 230w, https:\/\/tauchclub-seepferdchen.at\/wordpress\/wp-content\/uploads\/2019\/12\/Picture1553185633577-350x350.jpg 350w, https:\/\/tauchclub-seepferdchen.at\/wordpress\/wp-content\/uploads\/2019\/12\/Picture1553185633577-480x480.jpg 480w\" sizes=\"auto, (max-width: 1080px) 100vw, 1080px\" \/>\t\t\t\t\t\t\t\t\t\t\t<\/p>\n<h2>Jahresr\u00fcckblick 2018<\/h2>\n<p>\t\tWenn mir etwas aus dem Jahr 2018 im Ged\u00e4chtnis bleibt dann dieses Rennen\u2026Es war die<strong>\u00a0University Competition,\u00a0<\/strong>direkt nach der WM in Belgrad.Ich startete als einer der schnellsten aus dem Vorlauf am Vormittag, neben dem amtierenden Weltrekordhalter aus Russland. Um einem unvorhersehbaren Schlusssprint vieler zu vermeiden, wollte ich gleich zu Beginn ein hohes Tempo angehen, damit sich das Feld etwas aufteilt, um dann hinter dem Russen auf Lauerstellung gehen zu k\u00f6nnen, sodass vielleicht ein Podest greifbar wird. Nach den ersten 100m kamen schon erste Zweifel am hohen Anfangstempo.Ich versuchte in der Welle der anderen Kraftsparend mit zu schwimmen, um eventuell am Schluss noch eine Tempoerh\u00f6hung zu \u00fcberstehen.\u00a0Zun\u00e4chst versch\u00e4rfte der Ungar das Tempo. Ich reagierte gerade noch rechtzeitig und blieb mit von der Partie. Das Feld spaltete sich weiter. Zeit weiter zu taktieren blieb nicht. Nur noch 100m waren \u00fcbrig. Der Russe zog erwartungsgem\u00e4\u00df noch eine Tempoerh\u00f6hung an.\u00a0Ich dachte nur,<strong>\u00a0\u201ejetzt oder nie&#8230; dranbleiben oder es ist aus mit dem Traum einer Medaille\u201c<\/strong>. Ich sammelte alle Reserven und versuchte mit zu schwimmen\u2026 Vor der letzten Wende dachte ich noch an die Worte meiner Trainer:<strong>\u201eImmer austauchen, sonst fressen euch die Wellen\u201c.<\/strong>\u00a0Ich sprintete noch einmal aus der Wende und legte alles in die Waagschale. Ich wusste nicht mehr wer noch alles neben mir war oder wievielter ich gerade war. Als Einziges merkte ich den schrumpfenden Abstand zum Russen neben mir, also sprintete ich was noch ging der Wand entgegen. Nach dem Anschlag beim Blick neben mich wurde mir dann bewusst was mir gelungen war&#8230;<\/p>\n<p style=\"text-align: left;\"><strong>Ich war Erster!!!<br \/><\/strong><\/p>\n<p style=\"text-align: left;\"><strong>Studentenweltmeister!!!\u00a0 Und das gegen den Weltrekordhalter aus Russland in dieser Strecke.<br \/><\/strong><em>GEZA<\/em><\/p>\n<p>\t\t\t\t\t\t\t\t\t\t<img loading=\"lazy\" decoding=\"async\" width=\"900\" height=\"911\" src=\"https:\/\/tauchclub-seepferdchen.at\/wordpress\/wp-content\/uploads\/2018\/12\/worldcup.jpg\" alt=\"\" srcset=\"https:\/\/tauchclub-seepferdchen.at\/wordpress\/wp-content\/uploads\/2018\/12\/worldcup.jpg 900w, https:\/\/tauchclub-seepferdchen.at\/wordpress\/wp-content\/uploads\/2018\/12\/worldcup-296x300.jpg 296w, https:\/\/tauchclub-seepferdchen.at\/wordpress\/wp-content\/uploads\/2018\/12\/worldcup-768x777.jpg 768w, https:\/\/tauchclub-seepferdchen.at\/wordpress\/wp-content\/uploads\/2018\/12\/worldcup-830x840.jpg 830w, https:\/\/tauchclub-seepferdchen.at\/wordpress\/wp-content\/uploads\/2018\/12\/worldcup-230x233.jpg 230w, https:\/\/tauchclub-seepferdchen.at\/wordpress\/wp-content\/uploads\/2018\/12\/worldcup-350x354.jpg 350w, https:\/\/tauchclub-seepferdchen.at\/wordpress\/wp-content\/uploads\/2018\/12\/worldcup-480x486.jpg 480w\" sizes=\"auto, (max-width: 900px) 100vw, 900px\" \/>\t\t\t\t\t\t\t\t\t\t\t<\/p>\n<h2>World Cup 2018<\/h2>\n<p style=\"text-align: left;\">Am <strong>21.und 22. Juli 2018<\/strong> fanden in Serbien \u2013 Belgrad die Studentenweltmeisterschaften im Anschluss an die 20. CMAS Weltmeisterschaften im Flossenschwimmen statt.<\/p>\n<p style=\"text-align: left;\">Geza Eisserer\u00a0vom 1.LTC kr\u00f6nte sich in den\u00a0Disziplinen 400m und 800m\u00a0Flossenschwimmen zum Doppelweltmeister\u00a0Die 400m gewann er vor dem Weltrekordhalter aus Russland mit<small><big>\u00a0neuem \u00f6sterreicheichen Rekord (03:05,25 min).<\/big><\/small><\/p>\n<p style=\"text-align: left;\"><strong>Weltmeisterschaft 2018 Belgrad<br \/><\/strong>Bei den zuvor abgehaltenen\u00a0Weltmeisterschaften\u00a0im Flossenschwimmen und Streckentauchen errang Geza erneut Topplatzierungen:<br \/>7. \u00fcber 800m SF, 10. \u00fcber 400m SF und 13. \u00fcber die 200m SF.<br \/>Mit diesen Leistungen hat sich Geza, dank der Trainingsm\u00f6glichkeiten in Wien, in der Weltklasse etabliert. Wir hoffen, dass er den Ehrgeiz beibeh\u00e4lt und nach der Sommerpause mit viel Energie in die Saison 2018\/19 startet.<\/p>\n<h2>Kindermeisterschaften Flossenschwimmen 2018<\/h2>\n<p style=\"text-align: left;\">Am\u00a0<strong>23.\u00a0und 24. Juni 2018<\/strong>\u00a0fuhren wir mit 7 top motivierten Sportler\/-innen (Bumberger Anna, Frank Hannah, Frank Tabea, Hofer Nicole, Steiner Rosi, Steiner Theo, Trval Anja) zu den\u00a05. <br \/>\u00d6sterreichischen Kindermeisterschaften im Flossenschwimmen nach Wien.\u00a0Die sportliche Betreuung \u00fcbernahm Kristina Mittermayr. Vielen Dank daf\u00fcr! <br \/>Unsere Sportler\/-innen konnten ihre Leistungen gegen\u00fcber den letzten Wettk\u00e4mpfen oftmals stark verbessern.\u00a0<br \/>Besonders hervorzuheben\u00a0sind die Leistungen unserer Medaillengewinner\u00a0Hofer Nicole (400 m FS, 25 m AP)\u00a0und\u00a0Frank Tabea (25 m, 50 m und 100 m FS)\u00a0sowie unsere\u00a04 x 100 m FS Staffel (Bumberger Anna, Hofer Nicole, Frank Hannah, Trval Anja)<\/p>\n<p style=\"text-align: left;\">Daniela und Markus FRANK<br \/><a href=\"https:\/\/www.tsvoe.at\/de\/sport\/flossenschwimmen\/fs-ergebnisse\">https:\/\/www.tsvoe.at\/de\/sport\/flossenschwimmen\/fs-ergebnisse<\/a><\/p>\n<p>\t\t\t\t\t\t\t\t\t\t<img loading=\"lazy\" decoding=\"async\" width=\"1170\" height=\"875\" src=\"https:\/\/tauchclub-seepferdchen.at\/wordpress\/wp-content\/uploads\/2018\/11\/kindermeisterschaften.jpg\" alt=\"\" srcset=\"https:\/\/tauchclub-seepferdchen.at\/wordpress\/wp-content\/uploads\/2018\/11\/kindermeisterschaften.jpg 1600w, https:\/\/tauchclub-seepferdchen.at\/wordpress\/wp-content\/uploads\/2018\/11\/kindermeisterschaften-300x224.jpg 300w, https:\/\/tauchclub-seepferdchen.at\/wordpress\/wp-content\/uploads\/2018\/11\/kindermeisterschaften-768x575.jpg 768w\" sizes=\"auto, (max-width: 1170px) 100vw, 1170px\" \/><br \/>\n\t\t\t\t\t\t\t\t\t\t<img loading=\"lazy\" decoding=\"async\" width=\"899\" height=\"1200\" src=\"https:\/\/tauchclub-seepferdchen.at\/wordpress\/wp-content\/uploads\/2019\/12\/IMG-20171.jpg\" alt=\"\" srcset=\"https:\/\/tauchclub-seepferdchen.at\/wordpress\/wp-content\/uploads\/2019\/12\/IMG-20171.jpg 899w, https:\/\/tauchclub-seepferdchen.at\/wordpress\/wp-content\/uploads\/2019\/12\/IMG-20171-225x300.jpg 225w, https:\/\/tauchclub-seepferdchen.at\/wordpress\/wp-content\/uploads\/2019\/12\/IMG-20171-768x1025.jpg 768w, https:\/\/tauchclub-seepferdchen.at\/wordpress\/wp-content\/uploads\/2019\/12\/IMG-20171-830x1108.jpg 830w, https:\/\/tauchclub-seepferdchen.at\/wordpress\/wp-content\/uploads\/2019\/12\/IMG-20171-230x307.jpg 230w, https:\/\/tauchclub-seepferdchen.at\/wordpress\/wp-content\/uploads\/2019\/12\/IMG-20171-350x467.jpg 350w, https:\/\/tauchclub-seepferdchen.at\/wordpress\/wp-content\/uploads\/2019\/12\/IMG-20171-480x641.jpg 480w\" sizes=\"auto, (max-width: 899px) 100vw, 899px\" \/>\t\t\t\t\t\t\t\t\t\t\t<\/p>\n<h2>Staatsmeisterschaften im Flossenschwimmen und Streckentauchen  2018<\/h2>\n<p style=\"text-align: left;\">S\u00fcdstadt Vom <b>8.-10. Juni 2018 <\/b>wurden im BSFZ S\u00fcdstadt die Allgemeinen Staats- und Jugendmeisterschaften im Flossenschwimmen und Streckentauchen 2018 abgehalten.<br \/>Eisserer Geza holte in den vier \u00dcberwasserbewerben(SF: 50m, 100m, 200m und 400m) als auch bei den beiden Tauchstrecken (IM) (50m und 100m) die Staatsmeistertitel. \u00d6sterreichischer Meister wurde er im 800m SF, 1500m SF und 400m IM.<br \/>Lara P\u00f6tzl (Jg 2003) holte im Bewerb 50m SF mit der Zeit von 00:22,35 den 3. Platz in der Allgemeinen und den 1. Platz in der Kat. C (2003\/2004).<br \/>Ebenso den dritten Platz errang Michael Part \u00fcber 100m IM.<br \/>Beim Staffelbewerb \u00fcber 4x 100m SF konnten die Damen (Nussbaumer Mia, Part Lea, Lara P\u00f6tzl und Mittermayr Kristina) den dritten Platz und die Herren (Part Michael, Maurer Michael, Nussbaumer Tristan und Eisserer Geza) den Vizestaatsmeistertitel in der Allgemeinen Klasse erschwimmen.<\/p>\n<h2>World Cup 2018<\/h2>\n<p style=\"text-align: left;\"><strong>Neuer \u00d6sterreichischer Rekord durch Geza Eisserer<\/strong>\u00a0und Eva-Maria UNGER \u00fcber 800m FS und WM-Limits.<\/p>\n<p style=\"text-align: left;\">Vom 14. &#8211; 15. April 2018 nahm der TSV\u00d6-Nationalkader der Flossenschwimmer am Welt-Cup in Leipzig teil, bei dem\u00a0rund 400 Sportler\u00a0aus\u00a014 Nationen\u00a0teilnahmen.<\/p>\n<p style=\"text-align: left;\">Die Mannschaft des FS-Kaders, begleitet von Co-Trainer Gerry Rogler und Kommissionsleiter Michael Maurer, erzielte bei dieser Weltcuprunde nicht nur neue Bestzeiten, sondern konnte auch gleich 2 neue \u00d6sterreichische Rekorde sowie Limits f\u00fcr die WM 2018 erreichen. So schwamm Eva-Maria Unger \u00fcber 800m FS mit einer Zeit von 7:19,16 einen neuen Rekord in der\u00a0Allgemeinen Klasse und l\u00f6ste damit ein Limit f\u00fcr die WM 2018.<br \/>Geza Eisserer schwamm \u00fcber 800m FS mit einer Zeit von 6:34,60 ebenfalls einen \u00d6sterreichischen Rekord, erbrachte damit das Limit f\u00fcr die WM 2018 und sicherte sich den 3. Platz bei diesem Weltcup. \u00dcber 400m FS erreichte er sogar den 2. Platz mit einer Zeit von 03:06,03 und schwamm damit nicht nur einen neuen \u00d6sterr. Rekord, sondern abermals eine Limitzeit f\u00fcr die WM 2018.<br \/>Ebenfalls sehr erfreulich waren die pers\u00f6nlichen Bestzeiten von Anna-Lena Deusch \u00fcber 800m FS mit einer Zeit von 8:11,14 und von Patrick Schmidt \u00fcber 400m FS mit 3:23,38 und \u00fcber 800m FS mit 7:13,31.<\/p>\n<p style=\"text-align: left;\">Michael Maurer<\/p>\n<p>\t\t\t\t\t\t\t\t\t\t<img loading=\"lazy\" decoding=\"async\" width=\"444\" height=\"512\" src=\"https:\/\/tauchclub-seepferdchen.at\/wordpress\/wp-content\/uploads\/2019\/12\/wcup-1.jpg\" alt=\"\" srcset=\"https:\/\/tauchclub-seepferdchen.at\/wordpress\/wp-content\/uploads\/2019\/12\/wcup-1.jpg 444w, https:\/\/tauchclub-seepferdchen.at\/wordpress\/wp-content\/uploads\/2019\/12\/wcup-1-260x300.jpg 260w, https:\/\/tauchclub-seepferdchen.at\/wordpress\/wp-content\/uploads\/2019\/12\/wcup-1-230x265.jpg 230w, https:\/\/tauchclub-seepferdchen.at\/wordpress\/wp-content\/uploads\/2019\/12\/wcup-1-350x404.jpg 350w\" sizes=\"auto, (max-width: 444px) 100vw, 444px\" \/><br \/>\n\t\t\t\t\t\t\t\t\t\t<img loading=\"lazy\" decoding=\"async\" width=\"898\" height=\"873\" src=\"https:\/\/tauchclub-seepferdchen.at\/wordpress\/wp-content\/uploads\/2019\/12\/IMG_spc2018.jpg\" alt=\"\" srcset=\"https:\/\/tauchclub-seepferdchen.at\/wordpress\/wp-content\/uploads\/2019\/12\/IMG_spc2018.jpg 898w, https:\/\/tauchclub-seepferdchen.at\/wordpress\/wp-content\/uploads\/2019\/12\/IMG_spc2018-300x292.jpg 300w, https:\/\/tauchclub-seepferdchen.at\/wordpress\/wp-content\/uploads\/2019\/12\/IMG_spc2018-768x747.jpg 768w, https:\/\/tauchclub-seepferdchen.at\/wordpress\/wp-content\/uploads\/2019\/12\/IMG_spc2018-830x807.jpg 830w, https:\/\/tauchclub-seepferdchen.at\/wordpress\/wp-content\/uploads\/2019\/12\/IMG_spc2018-230x224.jpg 230w, https:\/\/tauchclub-seepferdchen.at\/wordpress\/wp-content\/uploads\/2019\/12\/IMG_spc2018-350x340.jpg 350w, https:\/\/tauchclub-seepferdchen.at\/wordpress\/wp-content\/uploads\/2019\/12\/IMG_spc2018-480x467.jpg 480w\" sizes=\"auto, (max-width: 898px) 100vw, 898px\" \/>\t\t\t\t\t\t\t\t\t\t\t<\/p>\n<h2>Power Splash Cup 2018<\/h2>\n<p style=\"text-align: left;\">Beim\u00a0Power Splash Cup\u00a0am<strong>\u00a04.3.2018<\/strong>\u00a0der Flossenschwimmer in\u00a0Wien, ausgerichtet vom Verein Speedfish war der\u00a01. LTC\u00a0mit Flossenschwimmern der Kategorien E (2007\/2008) F (2009\/2010) und G (2011und j\u00fcnger) vertreten.<br \/>Anna Bumberger (E)\u00a0schwamm zu f\u00fcnf, die j\u00fcngste ober\u00f6sterreichische Teilnehmerin, Frank Tabea\u00a0(G) sechs Einzelmedaillen.<br \/>Bei der 4x50m Mix-Staffel schwammen, als reine M\u00e4dchenstaffel,\u00a0Nicole Hofer\u00a0(E),\u00a0Anja Trval\u00a0(E),\u00a0Rosi Steiner\u00a0(E) und\u00a0Anna Bumberger\u00a0(E) auf den dritten Platz.<br \/>Erste Wettkampferfahrung machte auch\u00a0Theo Steiner\u00a0(F) und schwamm dabei gleich auf einen Stockerlplatz,\u00a0Hannah Frank\u00a0(E) etablierte sich im Mittelfeld ihrer Kategorie.<\/p>\n<p style=\"text-align: left;\">Ergebnisse unter:\u00a0<a style=\"color: #000000;\" href=\"http:\/\/www.a-timing.wien\/sw\/2018\/fs-powersplash\/index.html\">http:\/\/www.a-timing.wien\/sw\/2018\/fs-powersplash\/index.html<\/a><\/p>\n","protected":false},"excerpt":{"rendered":"<p>Wettk\u00e4mpfe Staatsmeisterschaften 2019 Kindermeisterschaften 2018 Power Splash Cup 2018 Salzburg Cup 2019 Staatsmeisterschaften 2018 Studentenweltmeisterschaft 2018 World Cup 2018 Wettk\u00e4mpfe WM 2021 [&hellip;]<\/p>\n","protected":false},"author":1,"featured_media":348,"parent":293,"menu_order":0,"comment_status":"closed","ping_status":"closed","template":"","meta":{"footnotes":""},"class_list":["post-363","page","type-page","status-publish","has-post-thumbnail","hentry"],"_links":{"self":[{"href":"https:\/\/tauchclub-seepferdchen.at\/wordpress\/wp-json\/wp\/v2\/pages\/363","targetHints":{"allow":["GET"]}}],"collection":[{"href":"https:\/\/tauchclub-seepferdchen.at\/wordpress\/wp-json\/wp\/v2\/pages"}],"about":[{"href":"https:\/\/tauchclub-seepferdchen.at\/wordpress\/wp-json\/wp\/v2\/types\/page"}],"author":[{"embeddable":true,"href":"https:\/\/tauchclub-seepferdchen.at\/wordpress\/wp-json\/wp\/v2\/users\/1"}],"replies":[{"embeddable":true,"href":"https:\/\/tauchclub-seepferdchen.at\/wordpress\/wp-json\/wp\/v2\/comments?post=363"}],"version-history":[{"count":84,"href":"https:\/\/tauchclub-seepferdchen.at\/wordpress\/wp-json\/wp\/v2\/pages\/363\/revisions"}],"predecessor-version":[{"id":1676,"href":"https:\/\/tauchclub-seepferdchen.at\/wordpress\/wp-json\/wp\/v2\/pages\/363\/revisions\/1676"}],"up":[{"embeddable":true,"href":"https:\/\/tauchclub-seepferdchen.at\/wordpress\/wp-json\/wp\/v2\/pages\/293"}],"wp:featuredmedia":[{"embeddable":true,"href":"https:\/\/tauchclub-seepferdchen.at\/wordpress\/wp-json\/wp\/v2\/media\/348"}],"wp:attachment":[{"href":"https:\/\/tauchclub-seepferdchen.at\/wordpress\/wp-json\/wp\/v2\/media?parent=363"}],"curies":[{"name":"wp","href":"https:\/\/api.w.org\/{rel}","templated":true}]}}