{"id":934,"date":"2019-10-22T14:06:20","date_gmt":"2019-10-22T12:06:20","guid":{"rendered":"http:\/\/localhost\/wordpress\/?page_id=934"},"modified":"2024-01-27T20:26:10","modified_gmt":"2024-01-27T19:26:10","slug":"clubleistungen","status":"publish","type":"page","link":"https:\/\/tauchclub-seepferdchen.at\/wordpress\/clubleistungen\/","title":{"rendered":"Clubleistungen"},"content":{"rendered":"<p><iframe loading=\"lazy\"\n\t\t\t\t\tsrc=\"https:\/\/maps.google.com\/maps?q=Denkstra%C3%9Fe%2039c&#038;t=m&#038;z=17&#038;output=embed&#038;iwloc=near\"\n\t\t\t\t\ttitle=\"Denkstra\u00dfe 39c\"\n\t\t\t\t\taria-label=\"Denkstra\u00dfe 39c\"\n\t\t\t><\/iframe><\/p>\n<h5>\n<h2>Clubb\u00fcro &amp; Clubkammerl<\/h2>\n<\/h5>\n<p>\t\t\tStandort\t\t<\/p>\n<p style=\"text-align: left;\">Denkstra\u00dfe 39c<br \/>4030 Linz<\/p>\n<p>\t\t\tVerleih<br \/>\n\t\t<strong>Auf Anfrage<\/strong><br \/>\n\t\t\tGER\u00c4TEWARTE\t\t<\/p>\n<p>Hans Rametsteiner <br \/>0660 4664546<br style=\"color: #000000; font-family: Roboto, Arial; font-size: 14px; white-space: nowrap;\" \/>Bruno Prossliner<br \/>0676 4245072<\/p>\n<p>\t\t\tTrainingseinheiten<br \/>\n\t\t<font color=\"#000000\">Montag: 19:30 &#8211; 21:00<\/font><br \/>\n\t\t\t\t\t\t\t\t\t\t\t\t<a tabindex=\"0\">Verf\u00fcgbares Equipment<\/a><\/p>\n<p>Folgendes Equipment kann ausgeliehen werden:<\/p>\n<ul>\n<li>Presslufttauchger\u00e4t (PTG) 10 Liter<\/li>\n<li>Presslufttauchger\u00e4t (PTG) 12 Liter<\/li>\n<li>Lungenautomat<\/li>\n<li>Jacket<\/li>\n<\/ul>\n<p>Der Verleih ist uneigenn\u00fctzig und nicht auf Gewinn ausgerichtet.<\/p>\n<p>\t\t\t\t\t\t\t\t\t\t\t\t<a tabindex=\"0\">Verleih<\/a><\/p>\n<p>Der Verleih findet nur nach telefonischer Vereinbarung statt.<\/p>\n<p>Ger\u00e4teverleih und Pressluftbef\u00fcllung erfolgt ganzj\u00e4hrig.<br \/>Pressluftbef\u00fcllung findet ausschlie\u00dflich im Olympiazentrum O\u00d6 (Auf der Gugl 30, 4020 Linz) nach telefonischer Vereinbarung statt.<\/p>\n<p>F\u00fcr Termine bitten wir um rechtzeitige telefonische Anmeldung.<\/p>\n<p>\t\t\t\t\t\t\t\t\t\t\t\t<a tabindex=\"0\">Verleibedingungen<\/a><\/p>\n<p>Die folgenden Verleihbedingungen gelten nicht f\u00fcr Kompressoren:<\/p>\n<ol>\n<li>Die Clubger\u00e4te dienen ausschlie\u00dflich zur Aus\u00fcbung und F\u00f6rderung des Unterwassersports und k\u00f6nnen f\u00fcr In- und Auslandsfahrten entliehen werden.<\/li>\n<li>Dar\u00fcber hinaus werden sie auch zu Schulungs- und Ausbildungszwecken eingesetzt.<\/li>\n<li>Nur ordentliche Mitglieder mit entsprechender Brevetierung k\u00f6nnen zu ihrem pers\u00f6nlichen Gebrauch vom 1. LTC &#8222;Seepferdchen&#8220; entleihen. Je Mitglied k\u00f6nnen 1 Tarierweste, 1 Lungenautomat (Hauptregler), 1 Lungenautomat (Zweitregler) und max. 2 Pre\u00dflufttauchger\u00e4te entliehen werden.<\/li>\n<li>Die Ausgabe und R\u00fccknahme von Ger\u00e4tschaften erfolgt ausnahmslos an den daf\u00fcr vorgesehenen Tagen, das ist Montag und Freitag zu den oben angegebenen Zeiten.<\/li>\n<li>Ein Anspruch auf Leihger\u00e4te seitens der Mitglieder besteht nicht.<\/li>\n<li>Die Ausgabe erfolgt in der Reihenfolge der Anmeldungen durch den Ger\u00e4tewart.<\/li>\n<li>Der Entleiher verpflichtet sich, die entliehenen Ger\u00e4te sorgf\u00e4ltig zu verwahren und zu pflegen.<\/li>\n<li>Der Entleiher hat sich von dem, den Erfordernissen entsprechenden Zustand der Ger\u00e4te bei \u00dcbernahme zu vergewissern und dies mit seiner Unterschrift auf dem Verleihblatt zu best\u00e4tigen.<\/li>\n<li>Der Entleiher taucht mit den Ger\u00e4ten des 1. LTC &#8222;Seepferdchen&#8220; auf eigenes Risiko und eigene Gefahr. Eine Haftpflicht seitens des 1. LTC &#8222;Seepferdchen&#8220; besteht nicht.<\/li>\n<li>Der Entleiher nimmt zur Kenntnis, dass mit der von ihm geleisteten Unterschrift auf dem Verleihblatt kein Rechtsmittel gegen diese Verleihbedingungen m\u00f6glich ist.<\/li>\n<li>Anspr\u00fcche jeglicher Art, die der Entleiher oder seine Angeh\u00f6rigen durch eventuelles Versagen dieser Ger\u00e4te an den 1. LTC &#8222;Seepferdchen&#8220; stellen, sind ausgeschlossen.<\/li>\n<li>Bei Verlust oder Diebstahl hat der Entleiher gleichwertigen Ersatz zu stellen. Die Stellungsfrist wird vom Vorstand festgelegt, betr\u00e4gt jedoch maximal 20 Arbeitstage.<\/li>\n<li>Sollten die entliehenen Ger\u00e4te durch einen t\u00f6dlichen Tauchunfall des Entleihers verlorengehen, so verzichtet der 1. LTC &#8222;Seepferdchen&#8220; auf Ersatzanspr\u00fcche gegen\u00fcber den Angeh\u00f6rigen.<\/li>\n<li>Sch\u00e4den, die an den Ger\u00e4ten im Verleihzeitraum erfolgen, werden in fachkundigen Werkst\u00e4tten durch den Entleiher nachweislich sofort selbst oder durch den 1. LTC &#8222;Seepferdchen, auf Rechnung des Entleihers, zur Reparatur gegeben. Zum Rechnungsbetrag werden im letzteren Fall Spesen von Euro 15,00 angerechnet.<\/li>\n<li>Ist die Funktion eines Ger\u00e4tes durch die Reparatur nicht sichergestellt, so hat der Entleiher zus\u00e4tzlich, entsprechend dem bei der \u00dcbernahme best\u00e4tigtem Zustand, gleichwertigen Ersatz zu stellen. Die diesbez\u00fcgliche Entscheidung trifft der Vorstand, gest\u00fctzt auf Herstellerangaben. Das funktionsunt\u00fcchtige Ger\u00e4t geht in den Besitz des Entleihers \u00fcber.<\/li>\n<li>F\u00fcr die Verrechnung der Leihgeb\u00fchr werden ausnahmslos Tag der Entleihung bzw. Tag der R\u00fcckgabe herangezogen. F\u00fcr Ger\u00e4te die verliehen werden ist auch dann die festgesetzte Verleihgeb\u00fchr zu bezahlen, wenn die diese nicht ben\u00fctzt wurden.<\/li>\n<li>Bei nicht gereinigten Ger\u00e4ten (z.B. salzfrei) wird entweder der Verleihzeitraum bis zur neuerlichen, ordnungsgem\u00e4\u00dfen R\u00fcckgabe verl\u00e4ngert oder zus\u00e4tzlich zur Verleihgeb\u00fchr Euro 8,00 an Spesen verrechnet.<\/li>\n<li>Die Verleihgeb\u00fchr wird j\u00e4hrlich vom Vorstand festgelegt.<\/li>\n<li>Die Verleihgeb\u00fchr wird mit Erlagschein vorgeschrieben und ist innerhalb 14 Tagen zahlbar.<\/li>\n<li>Die Einnahme aus dem Ger\u00e4teverleih werden vom 1.LTC &#8222;Seepferdchen&#8220; zur Wartung und zur Neuanschaffung von Tauchger\u00e4ten verwendet.<\/li>\n<li>Der Ger\u00e4teverleih ist uneigenn\u00fctzig und nicht auf Gewinn ausgerichtet.<\/li>\n<\/ol>\n","protected":false},"excerpt":{"rendered":"<p>Clubb\u00fcro &amp; Clubkammerl Standort Denkstra\u00dfe 39c4030 Linz Verleih Auf Anfrage GER\u00c4TEWARTE Hans Rametsteiner 0660 4664546Bruno Prossliner0676 4245072 Trainingseinheiten Montag: 19:30 &#8211; 21:00 [&hellip;]<\/p>\n","protected":false},"author":1,"featured_media":0,"parent":0,"menu_order":0,"comment_status":"closed","ping_status":"closed","template":"","meta":{"footnotes":""},"class_list":["post-934","page","type-page","status-publish","hentry"],"_links":{"self":[{"href":"https:\/\/tauchclub-seepferdchen.at\/wordpress\/wp-json\/wp\/v2\/pages\/934","targetHints":{"allow":["GET"]}}],"collection":[{"href":"https:\/\/tauchclub-seepferdchen.at\/wordpress\/wp-json\/wp\/v2\/pages"}],"about":[{"href":"https:\/\/tauchclub-seepferdchen.at\/wordpress\/wp-json\/wp\/v2\/types\/page"}],"author":[{"embeddable":true,"href":"https:\/\/tauchclub-seepferdchen.at\/wordpress\/wp-json\/wp\/v2\/users\/1"}],"replies":[{"embeddable":true,"href":"https:\/\/tauchclub-seepferdchen.at\/wordpress\/wp-json\/wp\/v2\/comments?post=934"}],"version-history":[{"count":22,"href":"https:\/\/tauchclub-seepferdchen.at\/wordpress\/wp-json\/wp\/v2\/pages\/934\/revisions"}],"predecessor-version":[{"id":1824,"href":"https:\/\/tauchclub-seepferdchen.at\/wordpress\/wp-json\/wp\/v2\/pages\/934\/revisions\/1824"}],"wp:attachment":[{"href":"https:\/\/tauchclub-seepferdchen.at\/wordpress\/wp-json\/wp\/v2\/media?parent=934"}],"curies":[{"name":"wp","href":"https:\/\/api.w.org\/{rel}","templated":true}]}}