{"id":944,"date":"2019-10-22T14:14:56","date_gmt":"2019-10-22T12:14:56","guid":{"rendered":"http:\/\/localhost\/wordpress\/?page_id=944"},"modified":"2023-11-04T17:54:32","modified_gmt":"2023-11-04T16:54:32","slug":"ausbildung","status":"publish","type":"page","link":"https:\/\/tauchclub-seepferdchen.at\/wordpress\/ausbildung\/","title":{"rendered":"Ausbildung"},"content":{"rendered":"<h4>Ausbildung<\/h4>\n<p>Wir, als 1. Linzer Tauchclub bieten laufend Tauchkurse in Linz, Tauchausbildungen f\u00fcr Schnorcheltauchen, Ger\u00e4tetauchen und Sonderbrevets an. Unsere Kurse finden prim\u00e4r in Linz, im Schwimmbad auf der Gugl, statt. <br \/>Termine gibt es einerseits auf Anfrage, andererseits bieten wir regelm\u00e4\u00dfig vordefinierte Termine an. <\/p>\n<p>\t\t\t\t\t\t\t\t\t\t\t\t<a tabindex=\"0\">Anmeldung<\/a><\/p>\n<p><a style=\"color: #333333;\" href=\"http:\/\/thomas-hackl.at\/\">Hackl Thomas<\/a><br \/>Tel: 0664 3527816<br \/>E-Mail: <a style=\"color: #333333;\" href=\"mailto:ltc.seepferdchen@gmail.com\">ltc.seepferdchen@gmail.com<\/a><\/p>\n<p><a href=\"http:\/\/tauchclub-seepferdchen.at\/wordpress\/wp-content\/uploads\/2019\/12\/ANSUCHEN-UM-CLUBBEITRITT-2019.pdf\" target=\"_blank\" rel=\"noopener\" download=\"\">(PDF als Download)<\/a><\/p>\n<p>\t\t\t\t\t\t\t\t\t\t\t\t<a tabindex=\"0\">Schnuppertauchen<\/a><\/p>\n<p>In regelm\u00e4\u00dfigen Abst\u00e4nden f\u00fchren wir in der Schwimmhalle der O\u00d6. Landessportschule in Linz kostenlos Schnuppertauchg\u00e4nge durch.<\/p>\n<p>Dabei kann man, ausgestattet mit einem Presslufttauchger\u00e4t, in gesicherter Umgebung das Gef\u00fchl der Schwerelosigkeit kennenlernen, und einen ersten Einblick in die Unterwasserwelt erhalten.<\/p>\n<p>Ein fachkundiger Tauchlehrer steht zur Verf\u00fcgung.<\/p>\n<p>\u00a0<\/p>\n<h4>Ausbildungsstufen Tauchen<\/h4>\n<p>Wir bieten laufend Tauchkurse f\u00fcr Schnorcheltauchen, Ger\u00e4tetauchen und Sonderbrevets an. Unsere Kurse finden prim\u00e4r in Linz, im Schwimmbad auf der Gugl, statt. Termine gibt es einerseits auf Anfrage, andererseits bieten wir regelm\u00e4\u00dfig vordefinierte Termine an.<\/p>\n<h4>Schnorcheltauchen<\/h4>\n<p>\t\t\t\t\t\t\t\t\t\t\t\t<a tabindex=\"0\">Schnorcheltauchen &#8222;A&#8220; (Grundstufe)<\/a><\/p>\n<p>Der Schnorcheltaucher der Grundstufe (&#8222;A&#8220;) besitzt Grundkenntnisse im Schnorcheltauchen. Das niedrige Eintrittsalter und die niedrig angesetzten Pr\u00fcfungsleistungen machen diese Stufe vor allem f\u00fcr Kinder sehr interessant.<\/p>\n<p><strong>Voraussetzungen:<\/strong><br \/>Mindestalter 8 Jahre\u00a0<br \/>Gute Schwimmkenntnisse<\/p>\n<p>\t\t\t\t\t\t\t\t\t\t\t\t<a tabindex=\"0\">Schnorcheltauchen &#8222;B&#8220; (Fortgeschrittenenstufe)<\/a><\/p>\n<p>Der Schnorcheltaucher der Fortgeschrittenenstufe (&#8222;B&#8220;) besitzt erweiterte Grundkenntnisse im Schnorcheltauchen.<br \/>Diese Stufe ist f\u00fcr die Ger\u00e4tekurse Grundvoraussetzung, und bietet daher das Grundwissen im Umgang mit der ABC-Ausr\u00fcstung (= Schnorchel, Maske, Flossen) und grundlegende Techniken wie Spr\u00fcnge, Atemtechniken, u.\u00e4.<\/p>\n<p><strong>Voraussetzungen:<br \/><\/strong>Mindestalter 11 Jahre<br \/>Gute Schwimmkenntnisse<\/p>\n<p><strong>\u00a0<\/strong><\/p>\n<p>\t\t\t\t\t\t\t\t\t\t\t\t<a tabindex=\"0\">Schnorcheltauchen &#8222;C&#8220; (Leistungsstufe)<\/a><\/p>\n<p>Der Schnorcheltaucher der Leistungsstufe (&#8222;C&#8220;) besitzt umfassende Grundkenntnisse im Schnorcheltauchen.<br \/>Diese Stufe ist die Erweiterung der Fortgeschrittenenstufe (&#8222;B&#8220;) und zeichnet sich vor allem durch eine h\u00f6here Anforderung an die Pr\u00fcfungsleistung aus.<\/p>\n<p><strong>Voraussetzungen:<br \/><\/strong>Mindestalter 14 Jahre<br \/>Gute Schwimmkenntnisse<\/p>\n<h4>Tauchen mit Presslufttauchger\u00e4ten<\/h4>\n<p>\t\t\t\t\t\t\t\t\t\t\t\t<a tabindex=\"0\">Internationales CMAS Brevet * (Grundstufe)<\/a><\/p>\n<p>Der Inhaber des CMAS Brevet * besitzt tauchtheoretische Grundkenntnisse und ist ausgebildet zum Tauchen in geringer Tiefe (bis 10m) mit einem gleichstufigen Tauchpartner und bis in mittlere Tiefe (10-30m) mit einem h\u00f6her graduierten Taucher innerhalb der Nullzeit.<\/p>\n<p><strong>Voraussetzungen:<br \/><\/strong><\/p>\n<ul>\n<li>Mindestalter 14 Jahre<\/li>\n<li>TSV\u00d6-Mitgliedschaft f\u00fcr das laufende Jahr (automatisch f\u00fcr Clubmitglieder)<\/li>\n<li>Tauchsport\u00e4rztliches Attest mit festgelegtem, nicht abgelaufenem G\u00fcltigkeitszeitraum<\/li>\n<li>Nachweis von mind. Schnorcheltauchen Stufe &#8222;A&#8220;<\/li>\n<\/ul>\n<p>\t\t\t\t\t\t\t\t\t\t\t\t<a tabindex=\"0\">Internationales CMAS Brevet ** (Fortgeschrittenenstufe)<\/a><\/p>\n<p>Der Inhaber des Brevet ** besitzt erweiterte tauchtheoretische Grundkenntnisse und ist ausgebildet zum Tauchen bis in mittlere Tiefe (bis 30m) innerhalb der Nullzeit.<\/p>\n<p><strong>Voraussetzungen:<br \/><\/strong><\/p>\n<ul>\n<li>Mindestalter 15 Jahre<\/li>\n<li>TSV\u00d6-Mitgliedschaft f\u00fcr das laufende Jahr (automatisch f\u00fcr Clubmitglieder)<\/li>\n<li>Tauchsport\u00e4rztliches Attest mit festgelegtem, nicht abgelaufenem G\u00fcltigkeitszeitraum<\/li>\n<li>Nachweis von mind. Schnorcheltauchen Stufe &#8222;B&#8220;<\/li>\n<li>Nachweis von CMAS Brevet *<\/li>\n<\/ul>\n<p>\t\t\t\t\t\t\t\t\t\t\t\t<a tabindex=\"0\">Internationales CMAS Brevet *** (Fortgeschrittenenstufe)<\/a><\/p>\n<p>Der Inhaber des Brevet *** besitzt umfassende Kenntnisse der Tauchtheorie und Tauchpraxis sowie der Begleitung von anderen Tauchern bis in grosse Tiefe (max. 40m).<\/p>\n<p><strong>Voraussetzungen:<br \/><\/strong><\/p>\n<ul>\n<li>Mindestalter 16 Jahre<\/li>\n<li>TSV\u00d6-Mitgliedschaft f\u00fcr das laufende Jahr (automatisch f\u00fcr Clubmitglieder)<\/li>\n<li>Tauchsport\u00e4rztliches Attest mit festgelegtem, nicht abgelaufenem G\u00fcltigkeitszeitraum<\/li>\n<li>Nachweis von mind. Schnorcheltauchen Stufe &#8222;C&#8220;<\/li>\n<li>Nachweis von CMAS Brevet **<\/li>\n<li>Nachweis von 70 Tauchg\u00e4ngen best\u00e4tigt im Logbuch. Von diesen 70 TG m\u00fcssen 20 TG bis in grosse Tiefe gef\u00fchrt haben, und 20 TG m\u00fcssen im S\u00fcsswasser durchgef\u00fchrt worden sein. Von diesen 20 S\u00fcsswasser-TG m\u00fcssen wiederum 10 bis in grosse Tiefe gef\u00fchrt haben.<\/li>\n<li>Nachweis der TSV\u00d6-Spezialbrevets &#8222;Nachttauchen&#8220;, &#8222;Kompasstauchen&#8220;, &#8222;Rettungstechnik&#8220; und &#8222;Suchen und Bergen&#8220;<\/li>\n<\/ul>\n<p>\u00a0<\/p>\n<h4>Spezialausbildungen<\/h4>\n<p>\t\t\t\t\t\t\t\t\t\t\t\t<a tabindex=\"0\">Spezialbrevet &#8222;Kompasstauchen&#8220;<\/a><\/p>\n<p>Der Inhaber des Spezialbrevets &#8222;Kompasstauchen&#8220; besitzt Grundkenntnisse der Orientierung beim Tauchen mittels Kompass und nat\u00fcrliche Hilfsmittel.<\/p>\n<p><strong>Voraussetzungen:<\/strong><\/p>\n<ul>\n<li>Mindestalter 14 Jahre<\/li>\n<li>TSV\u00d6-Mitgliedschaft f\u00fcr das laufende Jahr (automatisch f\u00fcr Clubmitglieder)<\/li>\n<li>Tauchsport\u00e4rztliches Attest mit festgelegtem, nicht abgelaufenem G\u00fcltigkeitszeitraum<\/li>\n<li>Nachweis von CMAS Brevet * oder \u00c4quivalent<\/li>\n<\/ul>\n<p>\t\t\t\t\t\t\t\t\t\t\t\t<a tabindex=\"0\">Spezialbrevet &#8222;Nachttauchen&#8220;<\/a><\/p>\n<p>Der Inhaber des Spezialbrevets &#8222;Nachttauchen&#8220; ist ausgebildet f\u00fcr das Tauchen bei D\u00e4mmerung, Nacht und schlechten Sichtverh\u00e4ltnissen. Er besitzt Grundkenntnisse der Planung und Durchf\u00fchrung von Nachttauchg\u00e4ngen.<\/p>\n<p><strong>Voraussetzungen:<br \/><\/strong><\/p>\n<ul>\n<li>Mindestalter 14 Jahre<\/li>\n<li>TSV\u00d6-Mitgliedschaft f\u00fcr das laufende Jahr (automatisch f\u00fcr Clubmitglieder)<\/li>\n<li>Tauchsport\u00e4rztliches Attest mit festgelegtem, nicht abgelaufenem G\u00fcltigkeitszeitraum<\/li>\n<li>Nachweis von CMAS Brevet * oder \u00c4quivalent<\/li>\n<li>Nachweis von mind. 10 Tauchg\u00e4ngen seit Ablegung der Brevet * best\u00e4tigt im Logbuch<\/li>\n<\/ul>\n<p>\t\t\t\t\t\t\t\t\t\t\t\t<a tabindex=\"0\">Spezialbrevet &#8222;Suchen und Bergen&#8220;<\/a><\/p>\n<p>Der Inhaber des Spezialbrevets &#8222;Suchen &amp; Bergen&#8220; besitzt theoretische und praktische Kenntnisse \u00fcber das Suchen und Bergen von Gegenst\u00e4nden unter Wasser.<\/p>\n<p><strong>Voraussetzungen:<br \/><\/strong><\/p>\n<ul>\n<li>Mindestalter 14 Jahre<\/li>\n<li>TSV\u00d6-Mitgliedschaft f\u00fcr das laufende Jahr (automatisch f\u00fcr Clubmitglieder)<\/li>\n<li>Tauchsport\u00e4rztliches Attest mit festgelegtem, nicht abgelaufenem G\u00fcltigkeitszeitraum<\/li>\n<li>Nachweis von CMAS Brevet * oder \u00c4quivalent<\/li>\n<li>Nachweis von mind. 15 Tauchg\u00e4ngen seit Ablegung der Brevet * best\u00e4tigt im Logbuch<\/li>\n<li>Spezialbrevet &#8222;Kompasstauchen&#8220;<\/li>\n<\/ul>\n<p>\t\t\t\t\t\t\t\t\t\t\t\t<a tabindex=\"0\">Spezialbrevet &#8222;Eistauchen&#8220;<\/a><\/p>\n<p>Der Inhaber des Spezialbrevets &#8222;Eistauchen&#8220; ist mit den speziellen Gegebenheiten des Tauchens unter Eis vertraut.<\/p>\n<p><strong>Voraussetzungen:<br \/><\/strong><\/p>\n<ul>\n<li>Mindestalter 16 Jahre<\/li>\n<li>TSV\u00d6-Mitgliedschaft f\u00fcr das laufende Jahr (automatisch f\u00fcr Clubmitglieder)<\/li>\n<li>Tauchsport\u00e4rztliches Attest mit festgelegtem, nicht abgelaufenem G\u00fcltigkeitszeitraum<\/li>\n<li>Nachweis von CMAS Brevet ** oder \u00c4quivalent<\/li>\n<li>Spezialbrevet &#8222;Kompasstauchen&#8220;<\/li>\n<li>achweis von mind. 5 Tauchg\u00e4ngen im S\u00fcsswasser innerhalb der letzten 3 Monate best\u00e4tigt im Logbuch<\/li>\n<\/ul>\n<p><strong>\u00a0<\/strong><\/p>\n<p>\t\t\t\t\t\t\t\t\t\t\t\t<a tabindex=\"0\">Spezialbrevet &#8222;Trockentauchen&#8220;<\/a><\/p>\n<p>Der Inhaber des Spezialbrevets &#8222;Trockentauchen&#8220; besitzt theoretische und praktische Kenntnisse \u00fcber das Tauchen mit Trockentauchanzug.<\/p>\n","protected":false},"excerpt":{"rendered":"<p>Ausbildung Wir, als 1. Linzer Tauchclub bieten laufend Tauchkurse in Linz, Tauchausbildungen f\u00fcr Schnorcheltauchen, Ger\u00e4tetauchen und Sonderbrevets an. Unsere Kurse finden prim\u00e4r [&hellip;]<\/p>\n","protected":false},"author":1,"featured_media":0,"parent":0,"menu_order":0,"comment_status":"closed","ping_status":"closed","template":"","meta":{"footnotes":""},"class_list":["post-944","page","type-page","status-publish","hentry"],"_links":{"self":[{"href":"https:\/\/tauchclub-seepferdchen.at\/wordpress\/wp-json\/wp\/v2\/pages\/944","targetHints":{"allow":["GET"]}}],"collection":[{"href":"https:\/\/tauchclub-seepferdchen.at\/wordpress\/wp-json\/wp\/v2\/pages"}],"about":[{"href":"https:\/\/tauchclub-seepferdchen.at\/wordpress\/wp-json\/wp\/v2\/types\/page"}],"author":[{"embeddable":true,"href":"https:\/\/tauchclub-seepferdchen.at\/wordpress\/wp-json\/wp\/v2\/users\/1"}],"replies":[{"embeddable":true,"href":"https:\/\/tauchclub-seepferdchen.at\/wordpress\/wp-json\/wp\/v2\/comments?post=944"}],"version-history":[{"count":35,"href":"https:\/\/tauchclub-seepferdchen.at\/wordpress\/wp-json\/wp\/v2\/pages\/944\/revisions"}],"predecessor-version":[{"id":1751,"href":"https:\/\/tauchclub-seepferdchen.at\/wordpress\/wp-json\/wp\/v2\/pages\/944\/revisions\/1751"}],"wp:attachment":[{"href":"https:\/\/tauchclub-seepferdchen.at\/wordpress\/wp-json\/wp\/v2\/media?parent=944"}],"curies":[{"name":"wp","href":"https:\/\/api.w.org\/{rel}","templated":true}]}}